{"id":67,"date":"2016-09-15T10:41:15","date_gmt":"2016-09-15T08:41:15","guid":{"rendered":"http:\/\/amity.com.pl\/?page_id=67"},"modified":"2022-12-06T18:46:09","modified_gmt":"2022-12-06T17:46:09","slug":"kursy-i-szkolenia-zastepowania-agresji","status":"publish","type":"page","link":"https:\/\/amity.pl\/","title":{"rendered":"Treningi zast\u0119powania agresji"},"content":{"rendered":"<div id=\"pl-67\"  class=\"panel-layout\" ><div id=\"pg-67-0\"  class=\"panel-grid panel-no-style\" ><div id=\"pgc-67-0-0\"  class=\"panel-grid-cell\" ><div id=\"panel-67-0-0-0\" class=\"so-panel widget widget_text panel-first-child panel-last-child\" data-index=\"0\" ><div class=\"title_k panel-widget-style panel-widget-style-for-67-0-0-0\" >\t\t\t<div class=\"textwidget\"><p class=\"title zah1\">Aktualno\u015bci<\/p>  <a href=\"https:\/\/amity.pl\/category\/aktualnosci\/\">Zobacz wszystkie<\/a><\/div>\n\t\t<\/div><\/div><\/div><\/div><div id=\"pg-67-1\"  class=\"panel-grid panel-has-style\" ><div id=\"szkolenia\" class=\"panel-row-style panel-row-style-for-67-1\" ><div id=\"pgc-67-1-0\"  class=\"panel-grid-cell\" ><div id=\"panel-67-1-0-0\" class=\"so-panel widget widget_text panel-first-child panel-last-child\" data-index=\"1\" >\t\t\t<div class=\"textwidget\">\r\n\t\t<style type=\"text\/css\">\r\n\t\t#vgpc-wrapper123 {\r\n\t\t\tmargin: 0px 0px;\r\n\t\t\tpadding: 10px 5px;\r\n\t\t}\r\n\t\t#vgpc-wrapper123 .vgpc-item-i {\r\n\t\t\tmargin: 0px 5px;\r\n\t\t\tpadding: 10px 10px;\t\t\t\r\n\t\t\tcolor:  #333333;\r\n\t\t}\r\n\t\t#vgpc-wrapper123 .vgpc-item-i a {\r\n\t\t\tcolor:  #0088cc;\r\n\t\t}\t\t\r\n\t\t<\/style><div id=\"vgpc-wrapper123\" class=\"vgpc-wrapper theme-default owl-carousel aktualnosci\"><div class=\"vgpc-item\"><div class=\"vgpc-item-i\"><div class=\"vgpc-text-block\"><h3 class=\"vgpc-post-title\"><a href=\"https:\/\/amity.pl\/?p=3114\" title=\"Polityka jako\u015bci\">Polityka jako\u015bci<\/a><\/h3><div class=\"vgpc-post-desc\"> Polityka jako\u015bci Instytutu Amity \u2013 Jacek Morawski    Instytut Amity jest...<\/div><div class=\"vgpc-post-readmore\"><a href=\"https:\/\/amity.pl\/?p=3114\" title=\"Polityka jako\u015bci\">zobacz<\/a><\/div><\/div><\/div><\/div><div class=\"vgpc-item\"><div class=\"vgpc-item-i\"><div class=\"vgpc-text-block\"><h3 class=\"vgpc-post-title\"><a href=\"https:\/\/amity.pl\/?p=2973\" title=\"REGULAMIN  KORZYSTANIA Z PRAW W\u0141ASNO\u015a\u0106I INTELEKTUALNEJ INSTYTUTU AMITY\u00ae\">REGULAMIN  KORZYSTANIA Z PRAW W\u0141ASNO\u015a\u0106I INTELEKTUALNEJ INSTYTUTU AMITY\u00ae<\/a><\/h3><div class=\"vgpc-post-desc\">     Ambicj\u0105 Instytutu Amity\u00ae, zwanego dalej Instytutem, jest dostarczanie...<\/div><div class=\"vgpc-post-readmore\"><a href=\"https:\/\/amity.pl\/?p=2973\" title=\"REGULAMIN  KORZYSTANIA Z PRAW W\u0141ASNO\u015a\u0106I INTELEKTUALNEJ INSTYTUTU AMITY\u00ae\">zobacz<\/a><\/div><\/div><\/div><\/div><div class=\"vgpc-item\"><div class=\"vgpc-item-i\"><div class=\"vgpc-text-block\"><h3 class=\"vgpc-post-title\"><a href=\"https:\/\/amity.pl\/?p=2659\" title=\"PROFESJONALNY PRAKTYK ZAST\u0118POWANIA AGRESJI (cz. I kursu Trener Certyfikowany ART)\">PROFESJONALNY PRAKTYK ZAST\u0118POWANIA AGRESJI (cz. I kursu Trener Certyfikowany ART)<\/a><\/h3><div class=\"vgpc-post-desc\"> Kurs autorski Amity ART dla doros\u0142ych (profesjonalist\u00f3w). Na tym kursie...<\/div><div class=\"vgpc-post-readmore\"><a href=\"https:\/\/amity.pl\/?p=2659\" title=\"PROFESJONALNY PRAKTYK ZAST\u0118POWANIA AGRESJI (cz. I kursu Trener Certyfikowany ART)\">zobacz<\/a><\/div><\/div><\/div><\/div><div class=\"vgpc-item\"><div class=\"vgpc-item-i\"><div class=\"vgpc-text-block\"><h3 class=\"vgpc-post-title\"><a href=\"https:\/\/amity.pl\/?p=2638\" title=\"Projekt w realizacji dofinansowany z Funduszy Europejskich\">Projekt w realizacji dofinansowany z Funduszy Europejskich<\/a><\/h3><div class=\"vgpc-post-desc\">\r\nDotacja celowa bud\u017cetu Pa\u0144stwa: 2.277,12 PLN<\/div><div class=\"vgpc-post-readmore\"><a href=\"https:\/\/amity.pl\/?p=2638\" title=\"Projekt w realizacji dofinansowany z Funduszy Europejskich\">zobacz<\/a><\/div><\/div><\/div><\/div><div class=\"vgpc-item\"><div class=\"vgpc-item-i\"><div class=\"vgpc-text-block\"><h3 class=\"vgpc-post-title\"><a href=\"https:\/\/amity.pl\/?p=2184\" title=\"Kurs: PROFESJONALNY TRENER TRENINGU ZAST\u0118POWANIA AGRESJI 2026 (cz. II kursu Trener Amity ART)\">Kurs: PROFESJONALNY TRENER TRENINGU ZAST\u0118POWANIA AGRESJI 2026 (cz. II kursu Trener Amity ART)<\/a><\/h3><div class=\"vgpc-post-desc\"> 3.3. Karta-zgloszenia-na-kurs-Profesjonalny Trener-Amity ART-II-stopien-2026Kurs...<\/div><div class=\"vgpc-post-readmore\"><a href=\"https:\/\/amity.pl\/?p=2184\" title=\"Kurs: PROFESJONALNY TRENER TRENINGU ZAST\u0118POWANIA AGRESJI 2026 (cz. II kursu Trener Amity ART)\">zobacz<\/a><\/div><\/div><\/div><\/div><div class=\"vgpc-item\"><div class=\"vgpc-item-i\"><div class=\"vgpc-text-block\"><h3 class=\"vgpc-post-title\"><a href=\"https:\/\/amity.pl\/?p=463\" title=\"SESJE SUPERWIZYJNO-EGZAMINACYJNE DLA ABSOLWENT\u00d3W I TRENER\u00d3W AMITY ART\">SESJE SUPERWIZYJNO-EGZAMINACYJNE DLA ABSOLWENT\u00d3W I TRENER\u00d3W AMITY ART<\/a><\/h3><div class=\"vgpc-post-desc\">     Wymogi egzaminacyjne do certyfikacji    Egzamin, po w\u0142asnej praktyce...<\/div><div class=\"vgpc-post-readmore\"><a href=\"https:\/\/amity.pl\/?p=463\" title=\"SESJE SUPERWIZYJNO-EGZAMINACYJNE DLA ABSOLWENT\u00d3W I TRENER\u00d3W AMITY ART\">zobacz<\/a><\/div><\/div><\/div><\/div><div class=\"vgpc-item\"><div class=\"vgpc-item-i\"><div class=\"vgpc-text-block\"><h3 class=\"vgpc-post-title\"><a href=\"https:\/\/amity.pl\/?p=2446\" title=\"KURS: TRENER GRUPOWY TRENINGU ZAST\u0118POWANIA AGRESJI (Original ART) w WARSZAWIE 2026\">KURS: TRENER GRUPOWY TRENINGU ZAST\u0118POWANIA AGRESJI (Original ART) w WARSZAWIE 2026<\/a><\/h3><div class=\"vgpc-post-desc\"> Bestsellerowy, skr\u00f3cony, intensywny, kurs trenerski Treningu Zast\u0119powania...<\/div><div class=\"vgpc-post-readmore\"><a href=\"https:\/\/amity.pl\/?p=2446\" title=\"KURS: TRENER GRUPOWY TRENINGU ZAST\u0118POWANIA AGRESJI (Original ART) w WARSZAWIE 2026\">zobacz<\/a><\/div><\/div><\/div><\/div><div class=\"vgpc-item\"><div class=\"vgpc-item-i\"><div class=\"vgpc-text-block\"><h3 class=\"vgpc-post-title\"><a href=\"https:\/\/amity.pl\/?p=2136\" title=\"System Zarz\u0105dzania Jako\u015bci\u0105 w Instytucie Amity\">System Zarz\u0105dzania Jako\u015bci\u0105 w Instytucie Amity<\/a><\/h3><div class=\"vgpc-post-desc\"> W dniu 25 maja 2024 roku, po pozytywnym przej\u015bciu audytu, odnowiony zosta\u0142, z...<\/div><div class=\"vgpc-post-readmore\"><a href=\"https:\/\/amity.pl\/?p=2136\" title=\"System Zarz\u0105dzania Jako\u015bci\u0105 w Instytucie Amity\">zobacz<\/a><\/div><\/div><\/div><\/div><div class=\"vgpc-item\"><div class=\"vgpc-item-i\"><div class=\"vgpc-text-block\"><h3 class=\"vgpc-post-title\"><a href=\"https:\/\/amity.pl\/?p=1512\" title=\"Nowe wydanie Alberta Bandury: Principles of behavior modification\">Nowe wydanie Alberta Bandury: Principles of behavior modification<\/a><\/h3><div class=\"vgpc-post-desc\"> Trenerom Zast\u0119powania Agresji Amity ART polecamy E-booka Alberta Bandury:...<\/div><div class=\"vgpc-post-readmore\"><a href=\"https:\/\/amity.pl\/?p=1512\" title=\"Nowe wydanie Alberta Bandury: Principles of behavior modification\">zobacz<\/a><\/div><\/div><\/div><\/div><div class=\"vgpc-item\"><div class=\"vgpc-item-i\"><div class=\"vgpc-text-block\"><h3 class=\"vgpc-post-title\"><a href=\"https:\/\/amity.pl\/?p=1346\" title=\"Materia\u0142y dla os\u00f3b radz\u0105cych sobie z wyzwaniami\">Materia\u0142y dla os\u00f3b radz\u0105cych sobie z wyzwaniami<\/a><\/h3><div class=\"vgpc-post-desc\">  Broszurki do pobrania bezp\u0142atnie dla os\u00f3b radz\u0105cych sobie z wyzwaniami lub...<\/div><div class=\"vgpc-post-readmore\"><a href=\"https:\/\/amity.pl\/?p=1346\" title=\"Materia\u0142y dla os\u00f3b radz\u0105cych sobie z wyzwaniami\">zobacz<\/a><\/div><\/div><\/div><\/div><div class=\"vgpc-item\"><div class=\"vgpc-item-i\"><div class=\"vgpc-text-block\"><h3 class=\"vgpc-post-title\"><a href=\"https:\/\/amity.pl\/?p=1231\" title=\"Nawi\u0105zanie wsp\u00f3\u0142pracy z Konsorcjum Naukowo-Edukacyjnym &#8211; College Medyczny w Kielcach\">Nawi\u0105zanie wsp\u00f3\u0142pracy z Konsorcjum Naukowo-Edukacyjnym &#8211; College Medyczny w Kielcach<\/a><\/h3><div class=\"vgpc-post-desc\"> &nbsp;    W dniu 14 maja 2018 r. Ewa Joanna Morawska, reprezentuj\u0105ca Instytut...<\/div><div class=\"vgpc-post-readmore\"><a href=\"https:\/\/amity.pl\/?p=1231\" title=\"Nawi\u0105zanie wsp\u00f3\u0142pracy z Konsorcjum Naukowo-Edukacyjnym &#8211; College Medyczny w Kielcach\">zobacz<\/a><\/div><\/div><\/div><\/div><div class=\"vgpc-item\"><div class=\"vgpc-item-i\"><div class=\"vgpc-text-block\"><h3 class=\"vgpc-post-title\"><a href=\"https:\/\/amity.pl\/?p=56\" title=\"AGRESJA I NIEPE\u0141NOSPRAWNO\u015a\u0106 UMYS\u0141OWA\">AGRESJA I NIEPE\u0141NOSPRAWNO\u015a\u0106 UMYS\u0141OWA<\/a><\/h3><div class=\"vgpc-post-desc\"> Drugi tydzie\u0144 stycznia 2015 rozpocz\u0119li\u015bmy spotkaniem z nauczycielami Zespo\u0142u...<\/div><div class=\"vgpc-post-readmore\"><a href=\"https:\/\/amity.pl\/?p=56\" title=\"AGRESJA I NIEPE\u0141NOSPRAWNO\u015a\u0106 UMYS\u0141OWA\">zobacz<\/a><\/div><\/div><\/div><\/div><\/div>\r\n\t\t<script type=\"text\/javascript\">\r\n\t\tjQuery(document).ready(function($) {\r\n\t\t\t$(\"#vgpc-wrapper123\").owlCarousel({\r\n\t\t\t\titems: \t\t\t\t4,\r\n\t\t\t\titemsDesktop: \t\t[1170,4],\r\n\t\t\t\titemsDesktopSmall: \t[980,3],\r\n\t\t\t\titemsTablet: \t\t[800,3],\r\n\t\t\t\titemsTabletSmall: \t[650,2],\r\n\t\t\t\titemsMobile: \t\t[450,1],\t\t\t\t\r\n\t\t\t\tslideSpeed: \t\t200,\r\n\t\t\t\tpaginationSpeed: \t800,\r\n\t\t\t\trewindSpeed: \t\t1000,\t\t\t\t\r\n\t\t\t\tautoPlay: \t\t\tfalse,\r\n\t\t\t\tstopOnHover: \t\tfalse,\t\t\t\t\r\n\t\t\t\tnavigation: \t\ttrue,\r\n\t\t\t\tscrollPerPage: \t\tfalse,\r\n\t\t\t\tpagination: \t\tfalse,\r\n\t\t\t\tpaginationNumbers: \tfalse,\r\n\t\t\t\tmouseDrag: \t\t\ttrue,\r\n\t\t\t\ttouchDrag: \t\t\ttrue,\r\n\t\t\t\tnavigationText: \t[\"\", \"\"],\r\n\t\t\t\tleftOffSet: \t\t0,\r\n\t\t\t});\r\n\t\t});\r\n\t\t<\/script><\/div>\n\t\t<\/div><\/div><\/div><\/div><div id=\"pg-67-2\"  class=\"panel-grid panel-no-style\" ><div id=\"pgc-67-2-0\"  class=\"panel-grid-cell\" ><div id=\"panel-67-2-0-0\" class=\"so-panel widget widget_text panel-first-child panel-last-child\" data-index=\"2\" ><div class=\"title_k panel-widget-style panel-widget-style-for-67-2-0-0\" >\t\t\t<div class=\"textwidget\"><p class=\"title zah1\">Terminarz szkole\u0144 <\/p>  <a href=\"https:\/\/amity.com.pl\/index.php\/category\/terminy\/\">Zobacz wszystkie<\/a><\/div>\n\t\t<\/div><\/div><\/div><\/div><div id=\"pg-67-3\"  class=\"panel-grid panel-has-style\" ><div id=\"kurs\" class=\"panel-row-style panel-row-style-for-67-3\" ><div id=\"pgc-67-3-0\"  class=\"panel-grid-cell\" ><div id=\"panel-67-3-0-0\" class=\"so-panel widget widget_text panel-first-child panel-last-child\" data-index=\"3\" ><div class=\"kurs panel-widget-style panel-widget-style-for-67-3-0-0\" >\t\t\t<div class=\"textwidget\">\r\n\t\t<style type=\"text\/css\">\r\n\t\t#vgpc-wrapper121 {\r\n\t\t\tmargin: 0px 0px;\r\n\t\t\tpadding: 10px 5px;\r\n\t\t}\r\n\t\t#vgpc-wrapper121 .vgpc-item-i {\r\n\t\t\tmargin: 0px 5px;\r\n\t\t\tpadding: 10px 10px;\t\t\t\r\n\t\t\tcolor:  #333333;\r\n\t\t}\r\n\t\t#vgpc-wrapper121 .vgpc-item-i a {\r\n\t\t\tcolor:  #0088cc;\r\n\t\t}\t\t\r\n\t\t<\/style><div id=\"vgpc-wrapper121\" class=\"vgpc-wrapper theme-default owl-carousel \"><div class=\"vgpc-item\"><div class=\"vgpc-item-i\"><div class=\"vgpc-text-block\"><h3 class=\"vgpc-post-title\"><a href=\"https:\/\/amity.pl\/?p=2659\" title=\"PROFESJONALNY PRAKTYK ZAST\u0118POWANIA AGRESJI (cz. I kursu Trener Certyfikowany ART)\">PROFESJONALNY PRAKTYK ZAST\u0118POWANIA AGRESJI (cz. I kursu Trener Certyfikowany ART)<\/a><\/h3><div class=\"vgpc-post-desc\"> Kurs autorski Amity ART dla doros\u0142ych (profesjonalist\u00f3w)....<\/div><div class=\"vgpc-post-readmore\"><a href=\"https:\/\/amity.pl\/?p=2659\" title=\"PROFESJONALNY PRAKTYK ZAST\u0118POWANIA AGRESJI (cz. I kursu Trener Certyfikowany ART)\">zobacz<\/a><\/div><\/div><\/div><\/div><div class=\"vgpc-item\"><div class=\"vgpc-item-i\"><div class=\"vgpc-text-block\"><h3 class=\"vgpc-post-title\"><a href=\"https:\/\/amity.pl\/?p=2184\" title=\"Kurs: PROFESJONALNY TRENER TRENINGU ZAST\u0118POWANIA AGRESJI 2026 (cz. II kursu Trener Amity ART)\">Kurs: PROFESJONALNY TRENER TRENINGU ZAST\u0118POWANIA AGRESJI 2026 (cz. II kursu Trener Amity ART)<\/a><\/h3><div class=\"vgpc-post-desc\"> 3.3. Karta-zgloszenia-na-kurs-Profesjonalny Trener-Amity...<\/div><div class=\"vgpc-post-readmore\"><a href=\"https:\/\/amity.pl\/?p=2184\" title=\"Kurs: PROFESJONALNY TRENER TRENINGU ZAST\u0118POWANIA AGRESJI 2026 (cz. II kursu Trener Amity ART)\">zobacz<\/a><\/div><\/div><\/div><\/div><div class=\"vgpc-item\"><div class=\"vgpc-item-i\"><div class=\"vgpc-text-block\"><h3 class=\"vgpc-post-title\"><a href=\"https:\/\/amity.pl\/?p=463\" title=\"SESJE SUPERWIZYJNO-EGZAMINACYJNE DLA ABSOLWENT\u00d3W I TRENER\u00d3W AMITY ART\">SESJE SUPERWIZYJNO-EGZAMINACYJNE DLA ABSOLWENT\u00d3W I TRENER\u00d3W AMITY ART<\/a><\/h3><div class=\"vgpc-post-desc\">     Wymogi egzaminacyjne do certyfikacji    Egzamin, po...<\/div><div class=\"vgpc-post-readmore\"><a href=\"https:\/\/amity.pl\/?p=463\" title=\"SESJE SUPERWIZYJNO-EGZAMINACYJNE DLA ABSOLWENT\u00d3W I TRENER\u00d3W AMITY ART\">zobacz<\/a><\/div><\/div><\/div><\/div><div class=\"vgpc-item\"><div class=\"vgpc-item-i\"><div class=\"vgpc-text-block\"><h3 class=\"vgpc-post-title\"><a href=\"https:\/\/amity.pl\/?p=2446\" title=\"KURS: TRENER GRUPOWY TRENINGU ZAST\u0118POWANIA AGRESJI (Original ART) w WARSZAWIE 2026\">KURS: TRENER GRUPOWY TRENINGU ZAST\u0118POWANIA AGRESJI (Original ART) w WARSZAWIE 2026<\/a><\/h3><div class=\"vgpc-post-desc\"> Bestsellerowy, skr\u00f3cony, intensywny, kurs trenerski...<\/div><div class=\"vgpc-post-readmore\"><a href=\"https:\/\/amity.pl\/?p=2446\" title=\"KURS: TRENER GRUPOWY TRENINGU ZAST\u0118POWANIA AGRESJI (Original ART) w WARSZAWIE 2026\">zobacz<\/a><\/div><\/div><\/div><\/div><div class=\"vgpc-item\"><div class=\"vgpc-item-i\"><div class=\"vgpc-text-block\"><h3 class=\"vgpc-post-title\"><a href=\"https:\/\/amity.pl\/?p=9\" title=\"INTERWENCJA FIZYCZNA I SAMOOBRONA DLA TRENER\u00d3W\">INTERWENCJA FIZYCZNA I SAMOOBRONA DLA TRENER\u00d3W<\/a><\/h3><div class=\"vgpc-post-desc\"> Najwa\u017cniejszymobowi\u0105zkiem trener\u00f3w w treningu z osobami...<\/div><div class=\"vgpc-post-readmore\"><a href=\"https:\/\/amity.pl\/?p=9\" title=\"INTERWENCJA FIZYCZNA I SAMOOBRONA DLA TRENER\u00d3W\">zobacz<\/a><\/div><\/div><\/div><\/div><\/div>\r\n\t\t<script type=\"text\/javascript\">\r\n\t\tjQuery(document).ready(function($) {\r\n\t\t\t$(\"#vgpc-wrapper121\").owlCarousel({\r\n\t\t\t\titems: \t\t\t\t4,\r\n\t\t\t\titemsDesktop: \t\t[1169],\r\n\t\t\t\titemsDesktopSmall: \t[980,3],\r\n\t\t\t\titemsTablet: \t\t[800,3],\r\n\t\t\t\titemsTabletSmall: \t[650,1],\r\n\t\t\t\titemsMobile: \t\t[281],\t\t\t\t\r\n\t\t\t\tslideSpeed: \t\t200,\r\n\t\t\t\tpaginationSpeed: \t800,\r\n\t\t\t\trewindSpeed: \t\t1000,\t\t\t\t\r\n\t\t\t\tautoPlay: \t\t\tfalse,\r\n\t\t\t\tstopOnHover: \t\tfalse,\t\t\t\t\r\n\t\t\t\tnavigation: \t\ttrue,\r\n\t\t\t\tscrollPerPage: \t\tfalse,\r\n\t\t\t\tpagination: \t\tfalse,\r\n\t\t\t\tpaginationNumbers: \tfalse,\r\n\t\t\t\tmouseDrag: \t\t\ttrue,\r\n\t\t\t\ttouchDrag: \t\t\ttrue,\r\n\t\t\t\tnavigationText: \t[\"\", \"\"],\r\n\t\t\t\tleftOffSet: \t\t0,\r\n\t\t\t});\r\n\t\t});\r\n\t\t<\/script><\/div>\n\t\t<\/div><\/div><\/div><\/div><\/div><div id=\"pg-67-4\"  class=\"panel-grid panel-no-style\" ><div id=\"pgc-67-4-0\"  class=\"panel-grid-cell\" ><div id=\"panel-67-4-0-0\" class=\"so-panel widget widget_text panel-first-child panel-last-child\" data-index=\"4\" >\t\t\t<div class=\"textwidget\"><h2 style=\"font-size: 24px; color: #231f20;\">Amity ART - treningi zast\u0119powania agresji<\/h2>\n<p>U nas uzyskasz kompetencje i oficjalne certyfikaty praktyka i trenera <strong>Treningu Zast\u0119powania Agresji (ART)<\/strong>, realizatora skutecznych program\u00f3w profilaktycznych, umiej\u0119tno\u015bci radzenia sobie z w\u0142asn\u0105 i cudz\u0105 agresj\u0105, zarz\u0105dzania zmian\u0105, komunikacji odwa\u017cnej, interwencji kryzysowej, antymobbingowe oraz interwencji poznawczo-behawioralnej. W naszym sklepie nab\u0119dziesz ksi\u0105\u017cki, testy oraz materia\u0142y i pomoce dydaktyczne.<\/p>\n\n<p>Pomagamy w zmianie osobom agresywnym i stosuj\u0105cym przemoc, pokrzywdzonymi przez przemoc, oraz tym, kt\u00f3rym mo\u017ce pom\u00f3c kr\u00f3tka interwencja w zakresie szkodliwego picia alkoholu.<\/p>\n<\/div>\n\t\t<\/div><\/div><div id=\"pgc-67-4-1\"  class=\"panel-grid-cell\" ><div id=\"panel-67-4-1-0\" class=\"so-panel widget widget_text panel-first-child panel-last-child\" data-index=\"5\" >\t\t\t<div class=\"textwidget\"><p><strong>Aggression Replacement Training\u00ae i ART\u00ae s\u0105 zarejestrowanymi znakami towarowymi G&G Consultants, LLC, B. Glicka, chronionymi w USA i innych krajach, a ART\u00ae jest tak\u017ce znakiem towarowym zarejestrowanym i chronionym w ca\u0142ej Unii Europejskiej. Znaki towarowe gwarantuj\u0105 pochodzenie trening\u00f3w od ich Autor\u00f3w, najwy\u017csz\u0105 jako\u015b\u0107 i efektywno\u015b\u0107. <\/p>\n\n<p>Instytut Amity funkcjonuje jako Centrum Treningu Zast\u0119powania Agresji (ART) w Polsce i prowadzi kursy TZA w innych krajach Unii Europejskiej i poza UE, a przed 2014 rokiem realizowa\u0142 z UNESCO tak\u017ce kursy dla nauczycieli na Ukrainie. <\/p>\n\n<p>Siedziba naszego instytutu znajduje si\u0119 w <strong>Warszawie<\/strong>. Serdecznie zapraszamy do kontaktu.<\/p><\/div>\n\t\t<\/div><\/div><\/div><\/div>","protected":false},"excerpt":{"rendered":"<p>Aktualno\u015bci Zobacz wszystkie<\/p>\n","protected":false},"author":3,"featured_media":0,"parent":0,"menu_order":0,"comment_status":"closed","ping_status":"closed","template":"","meta":{"_acf_changed":false,"footnotes":""},"class_list":["post-67","page","type-page","status-publish","hentry"],"acf":[],"aioseo_notices":[],"_links":{"self":[{"href":"https:\/\/amity.pl\/index.php?rest_route=\/wp\/v2\/pages\/67","targetHints":{"allow":["GET"]}}],"collection":[{"href":"https:\/\/amity.pl\/index.php?rest_route=\/wp\/v2\/pages"}],"about":[{"href":"https:\/\/amity.pl\/index.php?rest_route=\/wp\/v2\/types\/page"}],"author":[{"embeddable":true,"href":"https:\/\/amity.pl\/index.php?rest_route=\/wp\/v2\/users\/3"}],"replies":[{"embeddable":true,"href":"https:\/\/amity.pl\/index.php?rest_route=%2Fwp%2Fv2%2Fcomments&post=67"}],"version-history":[{"count":93,"href":"https:\/\/amity.pl\/index.php?rest_route=\/wp\/v2\/pages\/67\/revisions"}],"predecessor-version":[{"id":2697,"href":"https:\/\/amity.pl\/index.php?rest_route=\/wp\/v2\/pages\/67\/revisions\/2697"}],"wp:attachment":[{"href":"https:\/\/amity.pl\/index.php?rest_route=%2Fwp%2Fv2%2Fmedia&parent=67"}],"curies":[{"name":"wp","href":"https:\/\/api.w.org\/{rel}","templated":true}]}}